{"id":735,"date":"2014-03-08T13:43:30","date_gmt":"2014-03-08T12:43:30","guid":{"rendered":"http:\/\/very-usefull-things.de\/?page_id=735"},"modified":"2025-12-30T22:57:43","modified_gmt":"2025-12-30T21:57:43","slug":"termine","status":"publish","type":"page","link":"https:\/\/very-usefull-things.de\/?page_id=735","title":{"rendered":"Termine"},"content":{"rendered":"\n<p><a rel=\"noreferrer noopener\" href=\"https:\/\/www.ndsb-sh.de\/bogensport\/news\/termine\/termine\/ausschreibungen\" target=\"_blank\">Termine auf der NDSB-Seite<\/a><\/p>\n\n\n\n<h2 class=\"wp-block-heading\">Termine 2026<\/h2>\n\n\n\n<ul>\n<li>KM WA Halle (Kreis Pl\u00f6n) in M\u00f6nkeberg, Sonntag 14.12.2025 (3. Advent). Meldeschluss 05.12.2025<\/li>\n\n\n\n<li>LM WA Halle am 31.01.\/01.02.2026 in Bargteheide<\/li>\n\n\n\n<li>LM Feld am 28.06.2026 in Kiel, Brunswiker Sch\u00fctzengilde (Meldemeisterschaft, also keine VM und KM notwendig), Meldeschluss 08.06.2026<\/li>\n\n\n\n<li>VM im Freien nach Absprache &#8230;<\/li>\n\n\n\n<li>KM im Freien am Sonntag am 07.06.2026,  in M\u00f6nkeberg,  Meldeschluss 01.06.2026 um 15.00 Uhr<\/li>\n\n\n\n<li>LM im Freien 04.\/05.07.2026 in Holm, Meldeschluss 15.06.2026<\/li>\n\n\n\n<li>3D am 26.07.2026 in Flensburg (Meldemeisterschaft), Meldeschluss 01.07.2026, ab dem 25.06.2026 m\u00f6glich<\/li>\n\n\n\n<li>01.\/02.08.2026 DM Feldbogen in Kellinghusen<\/li>\n<\/ul>\n\n\n\n<h2 class=\"wp-block-heading\">Termine 2025<\/h2>\n\n\n\n<ul>\n<li>VM WA Halle (SVP) in Preetz, Hermann-Ehlers-Halle, vsl. Samstag 23.11.2024 (oder 30.11.2024)<\/li>\n\n\n\n<li>KM WA Halle (Kreis Pl\u00f6n) in M\u00f6nkeberg, Sonntag 15.12.2024 (3. Advent). Meldeschluss 05.12.2024<\/li>\n\n\n\n<li>LM WA Halle am 25.\/26.01.2025 in Eggebek, Meldeschluss 23.12.2024<\/li>\n\n\n\n<li>LM Feld am 29.06.2025 in Kiel, Brunswiker Sch\u00fctzengilde) Meldemeisterschaft, also keine VM und KM notwendig), Meldeschluss 09.06.2025, Meldungen ab dem 07.06.2025 m\u00f6glich  <\/li>\n\n\n\n<li>VM im Freien nach Absprache , 07.06.2025<\/li>\n\n\n\n<li>KM im Freien am Sonntag, 22.06.2025 in M\u00f6nkeberg,  Meldeschluss 15.06.2025<\/li>\n\n\n\n<li>LM im Freien 19.\/20.07.2025 in Tremsb\u00fcttel, Meldeschluss 01.07.2025<\/li>\n\n\n\n<li>3D am 26.07.2025 in Kellinghusen (Meldemeisterschaft), Meldeschluss 01.07.2025, ab dem 25.06.2025 m\u00f6glich<\/li>\n<\/ul>\n\n\n\n<h2 class=\"wp-block-heading\">Ausfallzeiten Hermann-Ehlers-Halle 2024<\/h2>\n\n\n\n<ul>\n<li>Samstag, 13.07.2024<\/li>\n\n\n\n<li>Freitag 19.08.- Sonntag 01.09.2024, Grundreinigung<\/li>\n\n\n\n<li>Weihnachsferien 19.12.2024 &#8211; 07.01.2025<\/li>\n<\/ul>\n\n\n\n<h2 class=\"wp-block-heading\">Termine 2024<\/h2>\n\n\n\n<ul>\n<li>VM WA Halle (Preetzer TSV) in Preetz, Hermann Ehlers Halle, Sonntag 26.11.2023. Beginn 15.00 Uhr. Evtl. ist auch Samstag, 25.11.2023 m\u00f6glich .<\/li>\n\n\n\n<li>KM WA Halle (Kreis Pl\u00f6n) in M\u00f6nkeberg, Sonntag 17.12.2022 (3. Advent). Meldeschluss 07.12.2023<\/li>\n\n\n\n<li>LM WA Halle in Kellinghusen, 27\/28.01.2024, Meldeschluss  23.12.2023<\/li>\n\n\n\n<li>VM WA im Freien (Preetzer TSV) am 01.06.2024<\/li>\n\n\n\n<li>KM WA im Freien (Kreis Pl\u00f6n) am 16.06.2024 in M\u00f6nkeberg, Meldeschluss 07.06.2024<\/li>\n\n\n\n<li>LM WA im Freien in Uetersen, 06\/07.07.2024, Meldeschluss 24.06.2024<\/li>\n\n\n\n<li>VM\/KM Feld. Lt. Email vom 26.03.2024 ist die LM Feld eine Meldemeisterschaft, d.h. es braucht keine VM\/KM geschossen zu werden. Wir sollten nat\u00fcrlich uns im Wald vorbereiten, also evtl. eine VM machen. <\/li>\n\n\n\n<li>LM Feld am 09.06.2024 in Kiel, Brunswiker Sch\u00fctzengilde, Meldeschluss 26.05.2024 beim NDSB. F\u00fcr uns (Kreis Pl\u00f6n) ist der Meldeschluss 23.05.2024 18.00 Uhr. <\/li>\n\n\n\n<li>LM 3D am 28.07.2024 in Wahlstedt. Meldeschluss 10.07.2024.<\/li>\n<\/ul>\n\n\n\n<h2 class=\"wp-block-heading\">Termine 2023<\/h2>\n\n\n\n<ul>\n<li>VM WA Halle (Preetzer TSV) in Preetz Herrmann Ehlers Halle, Samstag 03.12.2022. Beginn 15.00 Uhr<\/li>\n\n\n\n<li>KM WA Halle (Kreis Pl\u00f6n) in M\u00f6nkeberg, Sonntag 18.12.2022 (4. Advent)<\/li>\n\n\n\n<li>LM WA Halle in Tornesch, 21.\/22.01.2023, Meldeschluss 23.12.2022<\/li>\n\n\n\n<li>VM WA im Freien (Preetzer TSV) am 20 oder 21.05.2023 in Preetz<\/li>\n\n\n\n<li>KM WA im Freien (Kreis Pl\u00f6n) am 04.06.2023 in M\u00f6nkeberg, Meldeschluss 26.05.2023<\/li>\n\n\n\n<li>LM WA im Freien am 01.\/02.07.2023 in Jerrishoe, Meldeschluss 9.06.2023<\/li>\n\n\n\n<li>offene VM Feld am Samstag 13.05.2023 in Kiel (da machen wir mit), Meldeschluss 03.05.2023 (f\u00fcr Kreis Pl\u00f6n)<\/li>\n\n\n\n<li>offene KM Feld am Sonntag 14.05.2023 in Kiel (ebenso), Meldeschluss 03.05.2023 (f\u00fcr Kreis Pl\u00f6n)<\/li>\n\n\n\n<li>LM Feldbogen am 11.06.2023 in ???, Meldeschluss 30.05.2023<\/li>\n\n\n\n<li>LM 3D am 30.07.2023&nbsp; in ???, Meldschluss 10.07.2023 (keine KM oder VM notwendig)<\/li>\n<\/ul>\n\n\n\n<h2 class=\"wp-block-heading\">Termine 2022<\/h2>\n\n\n\n<ul>\n<li>VM WA Halle (Preetzer TSV) in Preetz Herrmann Ehlers Halle, Samstag 27.11.2021. Beginn 15.00 Uhr<\/li>\n\n\n\n<li>Weihnachts\/Pasta-Schie\u00dfen in Preetz Herrmann Ehlers Halle, Samstag 18.12.2021. Beginn 15.00 Uhr (hoffentlich&#8230;.)<\/li>\n\n\n\n<li>KM WA Halle (Kreis Pl\u00f6n) in M\u00f6nkeberg, Sonntag 19.12.2021 (4. Advent), Meldeschluss 06.12.2021<\/li>\n\n\n\n<li>LM WA Halle in Tornesch, 29.\/30.01.2022, Meldeschluss 09.01.2022<\/li>\n\n\n\n<li>VM WA im Freien (Preetzer TSV) am 21.05.2022 in Preetz<\/li>\n\n\n\n<li>KM WA im Freien (Kreis Pl\u00f6n) am 29.05.2022 (Sonntag nach Himmelfahrt) in M\u00f6nkeberg, Meldeschluss 23.05.2022<\/li>\n\n\n\n<li>LM WA im Freien am 02.\/03.07.2022 in Uetersen, Meldeschluss 15.06.2022<\/li>\n\n\n\n<li>offene VM Feld am Samstag 14.05.2022 in Kiel (da machen wir mit), Meldeschluss 05.05.2022 (f\u00fcr Kreis Pl\u00f6n)<\/li>\n\n\n\n<li>offene KM Feld am Sonntag 15.05.2022 in Kiel (ebenso), Meldeschluss 05.05.2022 (f\u00fcr Kreis Pl\u00f6n)<\/li>\n\n\n\n<li>LM Feldbogen am 12.06.2022 in Kellinghusen, Meldeschluss 30.05.2022<\/li>\n\n\n\n<li>LM 3D am 31.07.2022&nbsp; in Kellinghusen, Meldschluss 17.07.2022 (keine KM oder VM notwendig)<\/li>\n<\/ul>\n\n\n\n<h2 class=\"wp-block-heading\">Ausfallzeiten Hermann-Ehlers-Halle 2020<\/h2>\n\n\n\n<ul>\n<li>Samstag 18.01.2020<\/li>\n\n\n\n<li>Sonntag 12.02.2020<\/li>\n\n\n\n<li>Samstag 16.05.2019<\/li>\n\n\n\n<li>Samstag 26.09.2019<\/li>\n\n\n\n<li>Samstag 24.10.2019<\/li>\n<\/ul>\n\n\n\n<h2 class=\"wp-block-heading\">Termine 2020<\/h2>\n\n\n\n<ul>\n<li>VM WA Halle (Preetzer TSV) in Preetz Herrmann Ehlers Halle, Samstag 23.11.2019. Beginn 15.00 Uhr<\/li>\n\n\n\n<li>KM WA Halle (Kreis Pl\u00f6n) in M\u00f6nkeberg, Sonntag 8.12.2019, Meldeschluss 02.12.2019<\/li>\n\n\n\n<li>LM WA Halle in Fockbek, 18.\/19.01.2020<\/li>\n\n\n\n<li>VM und KM WA Feld am 9.\/10.05.2020 in Kiel, Brunswiker Sch\u00fctzengilde<\/li>\n\n\n\n<li>LM WA Feld am 14.06.2020 in Kellinghusen<\/li>\n\n\n\n<li>VM WA im Freien<\/li>\n\n\n\n<li>KM WA im Freien (Kreis Pl\u00f6n) am 07.06.2020 in M\u00f6nkeberg, Meldeschluss 01.06.2020<\/li>\n\n\n\n<li>LM WA im Freien am 04.\/05.07.2020 in Uetersen<\/li>\n\n\n\n<li>LM 3D evtl. in Sierksrade<\/li>\n<\/ul>\n\n\n\n<h2 class=\"wp-block-heading\">Termine 2021<\/h2>\n\n\n\n<ul>\n<li>VM WA Halle (Preetzer TSV) in Preetz Herrmann Ehlers Halle, voraussichtlich Samstag 05.12.2020. Beginn 15.00 Uhr<\/li>\n\n\n\n<li>KM WA Halle (Kreis Pl\u00f6n) in M\u00f6nkeberg, Sonntag 13.12.2020, Meldeschluss 06.12.2020<\/li>\n<\/ul>\n\n\n\n<h2 class=\"wp-block-heading\">Ausfallzeiten Hermann-Ehlers-Halle 2019<\/h2>\n\n\n\n<ul>\n<li>Samstag 26.01.2019 Aikido Lehrgang. Das Training wird vorauss. auf den Sonntag verschoben<\/li>\n\n\n\n<li>Samstag 11.05.2019 Aikido Lehrgang. Statt dessen Training im Wald.<\/li>\n\n\n\n<li>Samstag 22.07.2019 ab 17.00 Uhr<\/li>\n\n\n\n<li>Samstag 24.08.2019 Aikido Lehrgang. Statt dessen Training im Wald.<\/li>\n<\/ul>\n\n\n\n<h2 class=\"wp-block-heading\">Termine 2019<\/h2>\n\n\n\n<ul>\n<li>VM WA Halle (Preetzer TSV) in Preetz Herrmann Ehlers Halle, Samstag 24.11.2018. Beginn 15.00 Uhr<\/li>\n\n\n\n<li>KM WA Halle (Kreis Pl\u00f6n) in M\u00f6nkeberg, Sonntag 9.12.2018, Meldeschluss 26.11.2018<\/li>\n\n\n\n<li>LM WA Halle (NDSB) in Tornesch, 26\/27.01.2019, Meldeschluss 18.12.2018<\/li>\n\n\n\n<li>VM WA im Freien (Preetzer TSV) in Preetz, Samstag 25.05.2019.<\/li>\n\n\n\n<li>KM WA im Freien (Kreis Pl\u00f6n) in M\u00f6nkeberg, Sonntag 2.06.2019, Meldeschluss 27.05.2019<\/li>\n\n\n\n<li>LM WA im Freien (NDSB) in Bordelum, 6\/7.07.2019, Meldeschluss 11.06.2019<\/li>\n\n\n\n<li>VM WA Feld (Preetzer TSV) voraussichtlich in Sierksrade, Samstag 18.05.2019<\/li>\n\n\n\n<li>KM WA Feld (Kreis Pl\u00f6n) voraussichtlich in Sierksrade, Sonntag 19.05.2019<\/li>\n\n\n\n<li>LM WA Feld (NDSB) in Sierksrade, 16.06.2019, Meldeschluss 4.06.2019<\/li>\n\n\n\n<li>LM WA Bogen 3D (NDSB) in Wahlstedt, 30.06.2019, Meldeschluss 14.06.2019<\/li>\n<\/ul>\n\n\n\n<p><\/p>\n\n\n\n<p><\/p>\n","protected":false},"excerpt":{"rendered":"<p>Termine auf der NDSB-Seite Termine 2026 Termine 2025 Ausfallzeiten Hermann-Ehlers-Halle 2024 Termine 2024 Termine 2023 Termine 2022 Ausfallzeiten Hermann-Ehlers-Halle 2020 Termine 2020 Termine 2021 Ausfallzeiten Hermann-Ehlers-Halle 2019 Termine 2019<\/p>\n","protected":false},"author":2,"featured_media":0,"parent":0,"menu_order":0,"comment_status":"open","ping_status":"open","template":"","meta":[],"_links":{"self":[{"href":"https:\/\/very-usefull-things.de\/index.php?rest_route=\/wp\/v2\/pages\/735"}],"collection":[{"href":"https:\/\/very-usefull-things.de\/index.php?rest_route=\/wp\/v2\/pages"}],"about":[{"href":"https:\/\/very-usefull-things.de\/index.php?rest_route=\/wp\/v2\/types\/page"}],"author":[{"embeddable":true,"href":"https:\/\/very-usefull-things.de\/index.php?rest_route=\/wp\/v2\/users\/2"}],"replies":[{"embeddable":true,"href":"https:\/\/very-usefull-things.de\/index.php?rest_route=%2Fwp%2Fv2%2Fcomments&post=735"}],"version-history":[{"count":38,"href":"https:\/\/very-usefull-things.de\/index.php?rest_route=\/wp\/v2\/pages\/735\/revisions"}],"predecessor-version":[{"id":1817,"href":"https:\/\/very-usefull-things.de\/index.php?rest_route=\/wp\/v2\/pages\/735\/revisions\/1817"}],"wp:attachment":[{"href":"https:\/\/very-usefull-things.de\/index.php?rest_route=%2Fwp%2Fv2%2Fmedia&parent=735"}],"curies":[{"name":"wp","href":"https:\/\/api.w.org\/{rel}","templated":true}]}}