{"id":48,"date":"2013-03-27T17:25:45","date_gmt":"2013-03-27T16:25:45","guid":{"rendered":"http:\/\/test.very-usefull-things.de\/?page_id=48"},"modified":"2013-03-27T17:25:45","modified_gmt":"2013-03-27T16:25:45","slug":"zehn-gebote-fur-das-training-im-waldgelande","status":"publish","type":"page","link":"https:\/\/very-usefull-things.de\/?page_id=48","title":{"rendered":"Zehn Gebote f\u00fcr das Training im Waldgel\u00e4nde"},"content":{"rendered":"<p>Zehn Gebote zum Verhalten im Parcours D\u00fcsternbusch, die ein ungest\u00f6rtes und sicheres Training aller Sch\u00fctzen und den Erhalt des Trainings-Gel\u00e4ndes erm\u00f6glichen:<\/p>\n<ol start=\"1\">\n<li>Im Parcours bitte auf den gekennzeichneten Wegen bleiben\n<ul type=\"circle\" compact=\"compact\">\n<li>Sicherheit f\u00fcr die Sch\u00fctzen<\/li>\n<\/ul>\n<\/li>\n<li>\u201eUnser Wald soll sauber bleiben\u201c\n<ul type=\"circle\" compact=\"compact\">\n<li>Mein M\u00fcll muss mit!<\/li>\n<li>Abf\u00e4lle, Pfeilreste, zerschossene Auflagen, etc&#8230;<\/li>\n<\/ul>\n<\/li>\n<li>Tiere nicht beunruhigen, verletzen, t\u00f6ten oder ohne Grund fangen.\n<ul type=\"circle\" compact=\"compact\">\n<li>Hunde sind w\u00e4hrend des Schie\u00dfbetriebes im Parcours nicht erlaubt!<\/li>\n<\/ul>\n<\/li>\n<li>Rauchverbot im Wald vom 1.3.- 31.10 eines jeden Jahres\n<ul type=\"circle\" compact=\"compact\">\n<li>Weder offenes Feuer noch Grill<\/li>\n<\/ul>\n<\/li>\n<li>Kein Alkohol w\u00e4hrend des Schie\u00dfbetriebes!<\/li>\n<li>Mitgebrachte Kinder (Zuschauer) bitte selbst beaufsichtigen\n<ul type=\"circle\" compact=\"compact\">\n<li>Sch\u00fcler und Jugendliche d\u00fcrfen nur in Begleitung einer Aufsichtsperson schie\u00dfen<\/li>\n<\/ul>\n<\/li>\n<li>Das Scheibenmaterial schonen\n<ul type=\"circle\" compact=\"compact\">\n<li>z.B. keine Jagdspitzen verwenden<\/li>\n<li>Compoundbogen nicht \u00fcber 60 lbs<\/li>\n<\/ul>\n<\/li>\n<li>Jagd und Forstwirtschaftliche Einrichtungen nicht betreten\n<ul type=\"circle\" compact=\"compact\">\n<li>Hochsitze, Aufforstungen etc&#8230;<\/li>\n<\/ul>\n<\/li>\n<li>R\u00fccksicht auf andere Sch\u00fctzen nehmen\n<ul type=\"circle\" compact=\"compact\">\n<li>Sch\u00fctzen nicht l\u00e4nger als n\u00f6tig warten lassen (3er oder 6er Passen absprechen)<\/li>\n<li>Vom Abschusspunkt nur auf ein Ziel schie\u00dfen<\/li>\n<\/ul>\n<\/li>\n<li>Anderen Sch\u00fctzen nicht ungefragt Ratschl\u00e4ge erteilen<\/li>\n<\/ol>\n","protected":false},"excerpt":{"rendered":"<p>Zehn Gebote zum Verhalten im Parcours D\u00fcsternbusch, die ein ungest\u00f6rtes und sicheres Training aller Sch\u00fctzen und den Erhalt des Trainings-Gel\u00e4ndes erm\u00f6glichen: Im Parcours bitte auf den gekennzeichneten Wegen bleiben Sicherheit f\u00fcr die Sch\u00fctzen \u201eUnser Wald soll sauber bleiben\u201c Mein M\u00fcll muss mit! Abf\u00e4lle, Pfeilreste, zerschossene Auflagen, etc&#8230; Tiere nicht beunruhigen, verletzen, t\u00f6ten oder ohne Grund &hellip; <a href=\"https:\/\/very-usefull-things.de\/?page_id=48\" class=\"more-link\"><span class=\"screen-reader-text\">\u201eZehn Gebote f\u00fcr das Training im Waldgel\u00e4nde\u201c<\/span> weiterlesen<\/a><\/p>\n","protected":false},"author":1,"featured_media":0,"parent":0,"menu_order":0,"comment_status":"open","ping_status":"open","template":"","meta":[],"_links":{"self":[{"href":"https:\/\/very-usefull-things.de\/index.php?rest_route=\/wp\/v2\/pages\/48"}],"collection":[{"href":"https:\/\/very-usefull-things.de\/index.php?rest_route=\/wp\/v2\/pages"}],"about":[{"href":"https:\/\/very-usefull-things.de\/index.php?rest_route=\/wp\/v2\/types\/page"}],"author":[{"embeddable":true,"href":"https:\/\/very-usefull-things.de\/index.php?rest_route=\/wp\/v2\/users\/1"}],"replies":[{"embeddable":true,"href":"https:\/\/very-usefull-things.de\/index.php?rest_route=%2Fwp%2Fv2%2Fcomments&post=48"}],"version-history":[{"count":0,"href":"https:\/\/very-usefull-things.de\/index.php?rest_route=\/wp\/v2\/pages\/48\/revisions"}],"wp:attachment":[{"href":"https:\/\/very-usefull-things.de\/index.php?rest_route=%2Fwp%2Fv2%2Fmedia&parent=48"}],"curies":[{"name":"wp","href":"https:\/\/api.w.org\/{rel}","templated":true}]}}