{"id":45,"date":"2013-03-27T17:19:58","date_gmt":"2013-03-27T16:19:58","guid":{"rendered":"http:\/\/test.very-usefull-things.de\/?page_id=45"},"modified":"2021-06-04T22:22:18","modified_gmt":"2021-06-04T20:22:18","slug":"waldparcours-in-dusternbusch","status":"publish","type":"page","link":"https:\/\/very-usefull-things.de\/?page_id=45","title":{"rendered":"Waldparcours in D\u00fcsternbusch"},"content":{"rendered":"<p>Anfahrtsweg: Von Preetz aus auf der Wakendorfer Stra\u00dfe Richtung Sch\u00f6nberg \/ Rastdorfer Kreuz. Beim Getr\u00e4nkemarkt (ehem.\u00a0 ALDI) rechts abbiegen in Richtung Dammdorf\/Rethwisch. Durch Dammdorf durch und in Rethwisch\u00a0 am Torhaus links abbiegen Richtung Wildenhorst. Der Stra\u00dfe ca. 1,5 km folgen, auf der linken Seite liegt der Parcour in einem Waldgel\u00e4nde. Rechts an der Stra\u00dfe sind Parkpl\u00e4tze, wie auf der Karte unten zu sehen.<\/p>\n<p>Der Weg zum Eingang des Parkours ist die Grenze zwischen zwei Feldern. Bitte nicht \u00fcber die Felder laufen! <a title=\"Hier klicken (Goolemaps Karte)\" href=\"https:\/\/maps.google.de\/maps?q=54.25793,10.338689%28Eingang%29\" target=\"_blank\" rel=\"noopener\">Hier klicken f\u00fcr die Google-Maps Karte<\/a>.<\/p>\n<p>Bitte beachtet unbedingt die Zehn Gebote zum Verhalten im Parcours!<\/p>\n<figure id=\"attachment_514\" aria-describedby=\"caption-attachment-514\" style=\"width: 300px\" class=\"wp-caption aligncenter\"><a href=\"https:\/\/very-usefull-things.de\/wp-content\/uploads\/2013\/05\/D\u00fcsternbusch.jpg\"><img decoding=\"async\" loading=\"lazy\" class=\"size-medium wp-image-514\" src=\"https:\/\/very-usefull-things.de\/wp-content\/uploads\/2013\/05\/D\u00fcsternbusch-300x213.jpg\" alt=\"\" width=\"300\" height=\"213\" srcset=\"https:\/\/very-usefull-things.de\/wp-content\/uploads\/2013\/05\/D\u00fcsternbusch-300x213.jpg 300w, https:\/\/very-usefull-things.de\/wp-content\/uploads\/2013\/05\/D\u00fcsternbusch-768x545.jpg 768w, https:\/\/very-usefull-things.de\/wp-content\/uploads\/2013\/05\/D\u00fcsternbusch-1024x727.jpg 1024w, https:\/\/very-usefull-things.de\/wp-content\/uploads\/2013\/05\/D\u00fcsternbusch.jpg 1048w\" sizes=\"(max-width: 300px) 85vw, 300px\" \/><\/a><figcaption id=\"caption-attachment-514\" class=\"wp-caption-text\">Der Parcour in D\u00fcsternbusch<\/figcaption><\/figure>\n","protected":false},"excerpt":{"rendered":"<p>Anfahrtsweg: Von Preetz aus auf der Wakendorfer Stra\u00dfe Richtung Sch\u00f6nberg \/ Rastdorfer Kreuz. Beim Getr\u00e4nkemarkt (ehem.\u00a0 ALDI) rechts abbiegen in Richtung Dammdorf\/Rethwisch. Durch Dammdorf durch und in Rethwisch\u00a0 am Torhaus links abbiegen Richtung Wildenhorst. Der Stra\u00dfe ca. 1,5 km folgen, auf der linken Seite liegt der Parcour in einem Waldgel\u00e4nde. Rechts an der Stra\u00dfe sind &hellip; <a href=\"https:\/\/very-usefull-things.de\/?page_id=45\" class=\"more-link\"><span class=\"screen-reader-text\">\u201eWaldparcours in D\u00fcsternbusch\u201c<\/span> weiterlesen<\/a><\/p>\n","protected":false},"author":1,"featured_media":0,"parent":18,"menu_order":0,"comment_status":"open","ping_status":"closed","template":"","meta":[],"_links":{"self":[{"href":"https:\/\/very-usefull-things.de\/index.php?rest_route=\/wp\/v2\/pages\/45"}],"collection":[{"href":"https:\/\/very-usefull-things.de\/index.php?rest_route=\/wp\/v2\/pages"}],"about":[{"href":"https:\/\/very-usefull-things.de\/index.php?rest_route=\/wp\/v2\/types\/page"}],"author":[{"embeddable":true,"href":"https:\/\/very-usefull-things.de\/index.php?rest_route=\/wp\/v2\/users\/1"}],"replies":[{"embeddable":true,"href":"https:\/\/very-usefull-things.de\/index.php?rest_route=%2Fwp%2Fv2%2Fcomments&post=45"}],"version-history":[{"count":8,"href":"https:\/\/very-usefull-things.de\/index.php?rest_route=\/wp\/v2\/pages\/45\/revisions"}],"predecessor-version":[{"id":1726,"href":"https:\/\/very-usefull-things.de\/index.php?rest_route=\/wp\/v2\/pages\/45\/revisions\/1726"}],"up":[{"embeddable":true,"href":"https:\/\/very-usefull-things.de\/index.php?rest_route=\/wp\/v2\/pages\/18"}],"wp:attachment":[{"href":"https:\/\/very-usefull-things.de\/index.php?rest_route=%2Fwp%2Fv2%2Fmedia&parent=45"}],"curies":[{"name":"wp","href":"https:\/\/api.w.org\/{rel}","templated":true}]}}