{"id":18,"date":"2013-03-26T18:26:14","date_gmt":"2013-03-26T17:26:14","guid":{"rendered":"http:\/\/test.very-usefull-things.de\/?page_id=18"},"modified":"2019-04-16T21:54:43","modified_gmt":"2019-04-16T19:54:43","slug":"wir-uber-uns","status":"publish","type":"page","link":"https:\/\/very-usefull-things.de\/?page_id=18","title":{"rendered":"Wir \u00fcber uns"},"content":{"rendered":"\n<p>Bogenschie\u00dfen ist eine friedfertige, vielseitige Pr\u00e4zisionssportart, die  aufgrund ihres hohen Unterhaltungswertes oft auch au\u00dferhalb von  Sportvereinen auf Mittelalterm\u00e4rkten und im Urlaub als  Animationsprogramm angeboten wird. Schon Robin Hoods F\u00e4higkeiten im  Umgang mit dem Bogen waren legend\u00e4r und auch modernere Helden und  Heldinnen wie Katniss Everdeen, Legolas oder Hawkeye haben den Sport  ber\u00fchmt gemacht.  Doch Bogenschie\u00dfen ist viel mehr als nur Action und  Unterhaltung:  <\/p>\n\n\n\n<p>Es ist der Augenblick  der v\u00f6lligen  Leere vor dem L\u00f6sen des Pfeils.<\/p>\n\n\n\n<p>Es ist der Wechsel von Anspannung und  Entspannung wie  Systole und Diastole des Herzens.  <\/p>\n\n\n\n<p>Es ist die Kunst, komplexe Bewegungsabl\u00e4ufe m\u00f6glichst  exakt wiederholen  zu k\u00f6nnen.  <\/p>\n\n\n\n<p>Es ist die Freude \u00fcber einen gelungenen Schuss &#8211; ein unnachahmliches Gef\u00fchl.  <\/p>\n\n\n\n<p>Aus diesem Grund birgt Bogenschie\u00dfen neben Spa\u00df und Action auch  wertvolle therapeutische Qualit\u00e4ten und wird zum Beispiel in der  Tradition des Zen zur \u00dcbung der Achtsamkeit eingesetzt.<br>Sportliches  Bogenschie\u00dfen ist f\u00fcr (fast) alle Altersklassen und alle Geschlechter  gleicherma\u00dfen geeignet und ein idealer Familiensport. Kinder k\u00f6nnen ab  etwa 10 Jahren damit beginnen, manche der \u00e4lteren Sch\u00fctzen sind \u00fcber 80  Jahre alt.   <\/p>\n\n\n\n<p>Der traditionelle Langbogen besteht aus einem langen Stab, der mit der gespannten Sehne zusammen einen Kreisbogen bildet, \u00e4hnlich wie der &#8222;Flitzebogen&#8220;, den wir uns als Kinder selbst gebaut haben.<\/p>\n\n\n\n<p>Schon die zahlreichen Bauarten der B\u00f6gen bieten Interessierten ein breites Spektrum an M\u00f6glichkeiten, den Sport ganz auf die pers\u00f6nlichen Bed\u00fcrfnisse abzustimmen:<\/p>\n\n\n\n<p>Der traditionelle Langbogen besteht aus einem langen Stab, der mit der gespannten Sehne zusammen einen Kreisbogen bildet, \u00e4hnlich wie der &#8222;Flitzebogen&#8220;, den wir uns als Kinder selbst gebaut haben.<\/p>\n\n\n\n<p>Der Recurvebogen ist das Markenzeichen des Liebesgottes Amor. Bei diesem Bogentyp sind die Wurfarme an ihren Enden elegant nach vorn geschwungen. Der moderne Recurvebogen wird einerseits mit langen Stabilisatoren und Visier geschossen, diese Variante ist auch f\u00fcr die olympischen Spiele zugelassen, andererseits kommt er auch &#8222;blank&#8220; ohne Visier zum Einsatz. Hierbei spricht man von Blankbogen oder Recurve blank.<\/p>\n\n\n\n<p>Jagdb\u00f6gen sind kurze, leichte Recurveb\u00f6gen mit ausgepr\u00e4gtem Schwung der Wurfarmenden. Aufgrund ihres geringen Gewichts und der handlichen Gr\u00f6\u00dfe werden sie gern im Gel\u00e4nde geschossen.<\/p>\n\n\n\n<p>Der Compoundbogen stellt eine relativ neue Entwicklung dar. Dieser Bogentyp ist ein Hightech-Ger\u00e4t mit Exzentern an den Wurfarmenden und besonderen Zielhilfen, die das Schie\u00dfen mit hohem Zuggewicht und auf weite Distanzen erm\u00f6glichen. <\/p>\n\n\n\n<p>Wir unterst\u00fctzen alle Sch\u00fctzen und Sch\u00fctzinnen, ganz gleich, f\u00fcr welchen Bogen sie sich entscheiden, denn im Vordergrund soll der Spa\u00df am Sport stehen. <br>Anf\u00e4ngern raten wir, der Versuchung zu widerstehen, sich gleich zu Beginn einen eigenen Bogen zu kaufen, da sich die pers\u00f6nlichen Anspr\u00fcche an einen Bogen w\u00e4hrend der ersten Trainingseinheiten \u00e4ndern k\u00f6nnen. <br>F\u00fcr ein unverbindliches Probetraining stellen wir Interessierten gern passendes Vereinsmaterial zur Verf\u00fcgung. Unser Trainer und unsere zwei Schie\u00dfsportleiter stehen ihnen gern mit Rat und Tat zur Seite, erkl\u00e4ren Grundlagen und vermitteln wichtige Bewegungsabl\u00e4ufe als Basis f\u00fcr \u00e4sthetisches Schie\u00dfen und sportliche Erfolge. F\u00fcr die ersten Monate empfiehlt sich anschlie\u00dfend die Anschaffung eines Mietbogens, der mit zunehmendem Trainingserfolg kostenlos mit st\u00e4rkeren Wurfarmen ausgestattet werden kann.<\/p>\n\n\n\n<p>Wir vom PTSV betreiben den Bogensport im Winterhalbjahr &#8222;indoor&#8220; in der Hermann-Ehlers Halle in Preetz und in der warmen Jahreszeit &#8222;outdoor&#8220; in einem W\u00e4ldchen in D\u00fcsternbusch bei Rethwisch, in dem wir einen Parcours mit etwa 20 Zielen aufgebaut haben. Der Parcours bietet mit jedem Ziel eine neue Herausforderung, au\u00dferdem viel Bewegung und frische Luft in einem sch\u00f6nen Mischwald. <\/p>\n\n\n\n<p>Zwischen den regul\u00e4ren Trainings veranstalten wir immer wieder unterhaltsame spielerische Wettbewerbe wie etwa ein j\u00e4hrliches Weihnachtsschie\u00dfen und das Gl\u00fcckspfeilturnier, die mittlerweile Tradition sind.<br>Dazu besteht nat\u00fcrlich auch die M\u00f6glichkeit, an diversen vereins\u00fcbergreifenden Turnieren teilzunehmen, dort interessante Leute zu treffen, zu lernen, und sich im Wettkampf zu bew\u00e4hren.<br> Hinter dem Sport steckt viel mehr als der Gru\u00df der Sch\u00fctzen &#8222;Alle ins Gold&#8220; vermuten l\u00e4sst. Unser vorrangiges Anliegen ist es, die Freude unserer faszinierenden Sportart miteinander zu teilen.<\/p>\n\n\n\n<p>Eine besondere Bereicherung f\u00fcr uns ist eine Sch\u00fctzin, die das Live Action Rollenspiel (kurz: LARP) als weitere Facette des Bogensports in den Verein eingebracht hat. Sie entwickelt selbst kunstvolle Zubeh\u00f6rteile wie K\u00f6cher, Arm- oder Streifschutz und bietet mit speziell f\u00fcr das LARP entwickelten Polsterpfeilen zum Beispiel die M\u00f6glichkeit, ungef\u00e4hrliche Pfeilfangversuche anzustellen.<\/p>\n\n\n\n<p>Bitte haben Sie Verst\u00e4ndnis daf\u00fcr, dass wir Kinder aus Sicherheitsgr\u00fcnden nur dann aufnehmen k\u00f6nnen, wenn sich mindestens ein Elternteil ebenfalls f\u00fcr den Bogensport bei uns entscheidet. Unsere Erfahrungen mit Familien sind bisher sehr positiv.<\/p>\n","protected":false},"excerpt":{"rendered":"<p>Bogenschie\u00dfen ist eine friedfertige, vielseitige Pr\u00e4zisionssportart, die aufgrund ihres hohen Unterhaltungswertes oft auch au\u00dferhalb von Sportvereinen auf Mittelalterm\u00e4rkten und im Urlaub als Animationsprogramm angeboten wird. Schon Robin Hoods F\u00e4higkeiten im Umgang mit dem Bogen waren legend\u00e4r und auch modernere Helden und Heldinnen wie Katniss Everdeen, Legolas oder Hawkeye haben den Sport ber\u00fchmt gemacht. Doch Bogenschie\u00dfen &hellip; <a href=\"https:\/\/very-usefull-things.de\/?page_id=18\" class=\"more-link\"><span class=\"screen-reader-text\">\u201eWir \u00fcber uns\u201c<\/span> weiterlesen<\/a><\/p>\n","protected":false},"author":1,"featured_media":0,"parent":0,"menu_order":0,"comment_status":"open","ping_status":"open","template":"","meta":[],"_links":{"self":[{"href":"https:\/\/very-usefull-things.de\/index.php?rest_route=\/wp\/v2\/pages\/18"}],"collection":[{"href":"https:\/\/very-usefull-things.de\/index.php?rest_route=\/wp\/v2\/pages"}],"about":[{"href":"https:\/\/very-usefull-things.de\/index.php?rest_route=\/wp\/v2\/types\/page"}],"author":[{"embeddable":true,"href":"https:\/\/very-usefull-things.de\/index.php?rest_route=\/wp\/v2\/users\/1"}],"replies":[{"embeddable":true,"href":"https:\/\/very-usefull-things.de\/index.php?rest_route=%2Fwp%2Fv2%2Fcomments&post=18"}],"version-history":[{"count":4,"href":"https:\/\/very-usefull-things.de\/index.php?rest_route=\/wp\/v2\/pages\/18\/revisions"}],"predecessor-version":[{"id":1605,"href":"https:\/\/very-usefull-things.de\/index.php?rest_route=\/wp\/v2\/pages\/18\/revisions\/1605"}],"wp:attachment":[{"href":"https:\/\/very-usefull-things.de\/index.php?rest_route=%2Fwp%2Fv2%2Fmedia&parent=18"}],"curies":[{"name":"wp","href":"https:\/\/api.w.org\/{rel}","templated":true}]}}