{"id":1563,"date":"2019-01-03T20:51:19","date_gmt":"2019-01-03T19:51:19","guid":{"rendered":"https:\/\/very-usefull-things.de\/?page_id=1563"},"modified":"2024-08-21T20:51:55","modified_gmt":"2024-08-21T18:51:55","slug":"externe-links","status":"publish","type":"page","link":"https:\/\/very-usefull-things.de\/?page_id=1563","title":{"rendered":"Externe Links"},"content":{"rendered":"<h2>Allgemein<\/h2>\n<ul>\n<li><a href=\"http:\/\/www.svpreetz.de\" target=\"_blank\" rel=\"noopener\">SV-Preetz<\/a><br \/>\nUnser Heimatverein \ud83d\ude09<\/li>\n<li><a href=\"http:\/\/www.wetteronline.de\/regenradar\/schleswig-holstein\" target=\"_blank\" rel=\"noopener\">Regenradar<\/a><br \/>\nRegenradar bei Wetteronline<\/li>\n<li><a href=\"http:\/\/www.ndsb-sh.de\/bogensport.html\" target=\"_blank\" rel=\"noopener\">Bogensport im NDSB<\/a><br \/>\nInformationen zum Bogensport in Schleswig-Holstein im <a href=\"http:\/\/www.ndsb-sh.de\/\" target=\"_blank\" rel=\"noopener\">Norddeutschen Sch\u00fctzenbund<\/a><\/li>\n<li><a href=\"http:\/\/www.bogenfax.de\" target=\"_blank\" rel=\"noopener\">www.bogenfax.de<\/a><br \/>\nErgebnisse, Zulassungszahlen, Klasseneinteilungen, etc.<\/li>\n<li><a href=\"https:\/\/bogensportinfo.com\/\" target=\"_blank\" rel=\"noopener\">bogensportinfo<\/a><br \/>\nca. 400 Bogensportlinks und Forum<\/li>\n<\/ul>\n<h2>H\u00e4ndler<\/h2>\n<ul>\n<li><a href=\"http:\/\/www.hup-bogensport.de\/\" target=\"_blank\" rel=\"noopener\">H&amp;P Bogensport<\/a><br \/>\nHeinz und Peters Bogensportladen in Laboe<\/li>\n<li><a href=\"http:\/\/www.allermann.de\/\" target=\"_blank\" rel=\"noopener\">Schie\u00dfsportzenlium Allerman<\/a><br \/>\nNicht nur f\u00fcr Bogensch\u00fctzen<\/li>\n<li><a href=\"http:\/\/www.elias-bogensport.de\/\" target=\"_blank\" rel=\"noopener\">Elias Bogensport<\/a><br \/>\nGuter und g\u00fcnstiger Onlineshop!<\/li>\n<li><a href=\"http:\/\/aixbow.de\/\" target=\"_blank\" rel=\"noopener\">Aixbow<\/a><br \/>\nSehr sch\u00f6ner Onlineshop &#8211; viele Infos. Auch telefonisch erreichbar.<\/li>\n<li><a href=\"http:\/\/www.tdh-bogensport.de\/\" target=\"_blank\" rel=\"noopener\">TDH Bogensport <\/a><\/li>\n<\/ul>\n<h2>Vereine<\/h2>\n<ul>\n<li><a href=\"http:\/\/svrethwisch.de\/bogen.html\" target=\"_blank\" rel=\"noopener\">svrethwisch.de<\/a><br \/>\nBogensport im SV Rethwisch (gleich um die Ecke..)<\/li>\n<li><a href=\"http:\/\/sv-m\u00f6nkeberg.de\/abteilungen\/bogenschiessen\/\" target=\"_blank\" rel=\"noopener\">SV-M\u00f6nkeberg<\/a><br \/>\nBogensport im SV M\u00f6nkeberg<\/li>\n<li><a href=\"http:\/\/www.tsv-mildstedt.de\/bogensport\/\" target=\"_blank\" rel=\"noopener\">TSV Mildstedt<\/a><br \/>\nBogensport im TSV Mildstedt<\/li>\n<li><a href=\"http:\/\/www.kellinghusenerbogenclub.de\" target=\"_blank\" rel=\"noopener\">1. Kellinghusener Bogenclub<\/a><br \/>\nSehr sch\u00f6ner Feldbogen-Parcour<\/li>\n<li><a href=\"http:\/\/www.feldbogensport.de\" target=\"_blank\" rel=\"noopener\">www.feldbogensport.de<\/a><br \/>\nSeiten des Heikendorfer SV &#8211; Schwerpunkt Feldbogenschie\u00dfen<\/li>\n<li><a href=\"http:\/\/www.bogenschuetzen-svpang.de\/tuning.htm\" target=\"_blank\" rel=\"noopener\">Bogensch\u00fctzen SV Pang<\/a><br \/>\nDiverse Infos<\/li>\n<li><a href=\"http:\/\/www.bogenschuetzen-feucht.de\/\" target=\"_blank\" rel=\"noopener\">Bogensch\u00fctzen Feucht<\/a><br \/>\nU.A. gibt es hier Videosequenzen zum Schussablauf!<\/li>\n<li><a href=\"http:\/\/www.bogensport.schv-klw.de\/\" target=\"_blank\" rel=\"noopener\">Bogensport Klein Wesenberg<\/a><br \/>\nWundersch\u00f6ne, liebevoll HP<\/li>\n<li><a href=\"http:\/\/www.bergmann-borsig.de\/\" target=\"_blank\" rel=\"noopener\">SG Bergmann-Borsig Berlin<\/a><br \/>\nHP mit Aktuellen Meldungen vom Bogensport<\/li>\n<\/ul>\n<h2>Eigene Downloads<\/h2>\n<p><a href=\"http:\/\/very-usefull-things.de\/?attachment_id=1122\" rel=\"attachment wp-att-1122\">Schie\u00dfzettel Feldbogen (Excel)<\/a><br \/>\n<a href=\"http:\/\/bogensport.spetzler.de\/wp-content\/uploads\/2014\/03\/FeldbogenLeer.pdf\">Schie\u00dfzettel Feldbogen (PDF)<\/a><br \/>\n<a href=\"http:\/\/bogensport.spetzler.de\/wp-content\/uploads\/2014\/03\/Ganzseitiges-Foto.pdf\">\u00dcbersicht Parcour (PDF)<\/a><\/p>\n<p><!--break--><\/p>\n","protected":false},"excerpt":{"rendered":"<p>Allgemein SV-Preetz Unser Heimatverein \ud83d\ude09 Regenradar Regenradar bei Wetteronline Bogensport im NDSB Informationen zum Bogensport in Schleswig-Holstein im Norddeutschen Sch\u00fctzenbund www.bogenfax.de Ergebnisse, Zulassungszahlen, Klasseneinteilungen, etc. bogensportinfo ca. 400 Bogensportlinks und Forum H\u00e4ndler H&amp;P Bogensport Heinz und Peters Bogensportladen in Laboe Schie\u00dfsportzenlium Allerman Nicht nur f\u00fcr Bogensch\u00fctzen Elias Bogensport Guter und g\u00fcnstiger Onlineshop! Aixbow Sehr sch\u00f6ner &hellip; <a href=\"https:\/\/very-usefull-things.de\/?page_id=1563\" class=\"more-link\"><span class=\"screen-reader-text\">\u201eExterne Links\u201c<\/span> weiterlesen<\/a><\/p>\n","protected":false},"author":2,"featured_media":0,"parent":38,"menu_order":0,"comment_status":"closed","ping_status":"closed","template":"","meta":[],"_links":{"self":[{"href":"https:\/\/very-usefull-things.de\/index.php?rest_route=\/wp\/v2\/pages\/1563"}],"collection":[{"href":"https:\/\/very-usefull-things.de\/index.php?rest_route=\/wp\/v2\/pages"}],"about":[{"href":"https:\/\/very-usefull-things.de\/index.php?rest_route=\/wp\/v2\/types\/page"}],"author":[{"embeddable":true,"href":"https:\/\/very-usefull-things.de\/index.php?rest_route=\/wp\/v2\/users\/2"}],"replies":[{"embeddable":true,"href":"https:\/\/very-usefull-things.de\/index.php?rest_route=%2Fwp%2Fv2%2Fcomments&post=1563"}],"version-history":[{"count":12,"href":"https:\/\/very-usefull-things.de\/index.php?rest_route=\/wp\/v2\/pages\/1563\/revisions"}],"predecessor-version":[{"id":1802,"href":"https:\/\/very-usefull-things.de\/index.php?rest_route=\/wp\/v2\/pages\/1563\/revisions\/1802"}],"up":[{"embeddable":true,"href":"https:\/\/very-usefull-things.de\/index.php?rest_route=\/wp\/v2\/pages\/38"}],"wp:attachment":[{"href":"https:\/\/very-usefull-things.de\/index.php?rest_route=%2Fwp%2Fv2%2Fmedia&parent=1563"}],"curies":[{"name":"wp","href":"https:\/\/api.w.org\/{rel}","templated":true}]}}